{"id":10484,"date":"2017-10-16T13:06:09","date_gmt":"2017-10-16T13:06:09","guid":{"rendered":"https:\/\/hanmet.ee\/palvelut\/"},"modified":"2024-04-02T06:23:04","modified_gmt":"2024-04-02T06:23:04","slug":"palvelut","status":"publish","type":"page","link":"https:\/\/www.hanmet.ee\/fi\/palvelut\/","title":{"rendered":"Palvelut"},"content":{"rendered":"<div class=\"wpb-content-wrapper\"><p>[vc_row css=&#8221;.vc_custom_1711008223548{background-position: center !important;background-repeat: no-repeat !important;background-size: cover !important;}&#8221; el_id=&#8221;koneenrakennus&#8221;][vc_column]\r\n\t<div class=\"bauer-spacer clearfix\" data-desktop=\"150\" data-mobi=\"80\" data-smobi=\"80\"><\/div>[vc_row_inner][vc_column_inner width=&#8221;1\/2&#8243;]<h2 class=\"bauer-text clearfix \" style=\"font-size:42px;line-height:50px;margin-bottom:32px;\"><p><span class=\"font-weight-300\">Koneenrakennus<\/span><\/p>\n<\/h2><div class=\"bauer-text clearfix \" style=\"font-size:18px;line-height:30px;color:#414042;margin-bottom:34px;\"><p class=\"p1\">Laadukkaiden palvelujen tarjoamiseksi 4000 m\u00b2:n tuotantoalueellamme on 530 m\u00b2:n tuotantorakennus ja 570 m\u00b2:n pintak\u00e4sittely- ja kokoonpanorakennus. Pintak\u00e4sittelyrakennus on varustettu nykyaikaisilla raepuhallus- ja m\u00e4rk\u00e4maalauslaitteilla, ja ty\u00f6 tapahtuu kammioissa, joiden mitat ovat pituus 18 \u00d7 leveys 4,5 \u00d7 korkeus 4,1 metri\u00e4.<\/p>\n<p>Palveluihimme kuuluvat:<br \/>\n\u27a4 MIG-\/MAG-\/TIG-\/MMA-hitsaus<br \/>\n\u27a4 ohutlevyn CNC-taivutus L3000 220t<br \/>\n\u27a4 profiilien sahaus<br \/>\n\u27a4 poraus<\/p>\n<\/div>\r\n\t<div class=\"bauer-spacer clearfix\" data-desktop=\"60\" data-mobi=\"30\" data-smobi=\"30\"><\/div>[\/vc_column_inner][vc_column_inner width=&#8221;1\/2&#8243;]\r\n\t<div class=\"bauer-spacer clearfix\" data-desktop=\"55\" data-mobi=\"40\" data-smobi=\"40\"><\/div><div class=\"bauer-images-carousel  arrow-bottom has-borders has-arrows\" data-auto=\"true\" data-loop=\"false\" data-gap=\"0\" data-column=\"1\" data-column2=\"1\" data-column3=\"1\">\r\n        <div class=\"owl-carousel owl-theme\"><div class=\"item-wrap\"><img decoding=\"async\" data-src=\"https:\/\/hanmet.ee\/wp-content\/uploads\/2024\/03\/masinaehitus_570x660-2.png\" alt=\"Image\" src=\"data:image\/svg+xml;base64,PHN2ZyB3aWR0aD0iMSIgaGVpZ2h0PSIxIiB4bWxucz0iaHR0cDovL3d3dy53My5vcmcvMjAwMC9zdmciPjwvc3ZnPg==\" class=\"lazyload\" style=\"--smush-placeholder-width: 570px; --smush-placeholder-aspect-ratio: 570\/660;\"><\/div><\/div><\/div>[\/vc_column_inner][\/vc_row_inner]\r\n\t<div class=\"bauer-spacer clearfix\" data-desktop=\"100\" data-mobi=\"60\" data-smobi=\"60\"><\/div>[\/vc_column][\/vc_row][vc_row css=&#8221;.vc_custom_1711008229184{background-position: center !important;background-repeat: no-repeat !important;background-size: cover !important;}&#8221; el_id=&#8221;teollisuuslaitteiden-huolto-ja-asennus&#8221;][vc_column]\r\n\t<div class=\"bauer-spacer clearfix\" data-desktop=\"94\" data-mobi=\"60\" data-smobi=\"60\"><\/div>[vc_row_inner][vc_column_inner width=&#8221;1\/2&#8243;]<h2 class=\"bauer-text clearfix \" style=\"font-weight:300;font-size:42px;line-height:50px;margin-bottom:32px;\"><p class=\"p1\"><span class=\"s1\">Teollisuuslaitteiden huolto ja asennus<\/span><\/p>\n<\/h2><div class=\"bauer-text clearfix \" style=\"font-size:18px;line-height:30px;color:#414042;margin-bottom:34px;\"><p class=\"p1\">Tarjoamme sek\u00e4 teollisuuslaitteiden valmistusta ett\u00e4 asennusta ja huoltoa. Valmistamiemme laitteiden lis\u00e4ksi suoritamme asennus- ja huoltot\u00f6it\u00e4 my\u00f6s muiden valmistajien laitteille ja tuotantolinjoille.<\/p>\n<\/div>\r\n\t<div class=\"bauer-spacer clearfix\" data-desktop=\"60\" data-mobi=\"30\" data-smobi=\"30\"><\/div>[\/vc_column_inner][vc_column_inner width=&#8221;1\/2&#8243;]\r\n\t<div class=\"bauer-spacer clearfix\" data-desktop=\"55\" data-mobi=\"40\" data-smobi=\"40\"><\/div><div class=\"bauer-images-carousel  arrow-bottom has-borders has-arrows\" data-auto=\"true\" data-loop=\"false\" data-gap=\"0\" data-column=\"1\" data-column2=\"1\" data-column3=\"1\">\r\n        <div class=\"owl-carousel owl-theme\"><div class=\"item-wrap\"><img decoding=\"async\" data-src=\"https:\/\/hanmet.ee\/wp-content\/uploads\/2024\/03\/Toostusseadmete-hooldus-ja-paigaldus_570x660.png\" alt=\"Image\" src=\"data:image\/svg+xml;base64,PHN2ZyB3aWR0aD0iMSIgaGVpZ2h0PSIxIiB4bWxucz0iaHR0cDovL3d3dy53My5vcmcvMjAwMC9zdmciPjwvc3ZnPg==\" class=\"lazyload\" style=\"--smush-placeholder-width: 570px; --smush-placeholder-aspect-ratio: 570\/660;\"><\/div><\/div><\/div>[\/vc_column_inner][\/vc_row_inner]\r\n\t<div class=\"bauer-spacer clearfix\" data-desktop=\"100\" data-mobi=\"60\" data-smobi=\"60\"><\/div>[\/vc_column][\/vc_row][vc_row css=&#8221;.vc_custom_1711008235052{background-position: center !important;background-repeat: no-repeat !important;background-size: cover !important;}&#8221; el_id=&#8221;teollinen-m\u00e4rk\u00e4maalaus&#8221;][vc_column]\r\n\t<div class=\"bauer-spacer clearfix\" data-desktop=\"94\" data-mobi=\"60\" data-smobi=\"60\"><\/div>[vc_row_inner][vc_column_inner width=&#8221;1\/2&#8243;]<h2 class=\"bauer-text clearfix \" style=\"font-size:42px;line-height:50px;margin-bottom:32px;\"><p><span class=\"font-weight-300\">Teollinen m\u00e4rk\u00e4maalaus<\/span><\/p>\n<\/h2><div class=\"bauer-text clearfix \" style=\"font-size:18px;line-height:30px;color:#414042;margin-bottom:34px;\"><p class=\"p1\">Teollinen m\u00e4rk\u00e4maalaus on t\u00e4rke\u00e4 prosessi ennen tuotteiden lopullista kokoonpanoa ja luovutusta asiakkaalle. Laadukas maalaus varmistaa tuotteen esteettisen ulkon\u00e4\u00f6n ja pitk\u00e4aikaisen kest\u00e4vyyden ymp\u00e4rist\u00f6vaikutuksille.<\/p>\n<p class=\"p1\">Ennen maalausta pinnat puhdistetaan ja karhennetaan raepuhalluksella poistamalla lika ja ruoste maalikerroksen tasaisuuden ja kest\u00e4vyyden varmistamiseksi.<\/p>\n<p class=\"p1\">Maalauskammioihimme mahtuu 18 metri\u00e4 pitki\u00e4 osia, mik\u00e4 mahdollistaa joustavuuden ja monipuolisuuden projektien toteutuksessa.<\/p>\n<\/div><div class=\"bauer-text clearfix \" style=\"\"><\/div>\r\n\t<div class=\"bauer-spacer clearfix\" data-desktop=\"60\" data-mobi=\"30\" data-smobi=\"30\"><\/div>[\/vc_column_inner][vc_column_inner width=&#8221;1\/2&#8243;]\r\n\t<div class=\"bauer-spacer clearfix\" data-desktop=\"55\" data-mobi=\"40\" data-smobi=\"40\"><\/div><div class=\"bauer-images-carousel  arrow-bottom has-borders has-arrows\" data-auto=\"true\" data-loop=\"false\" data-gap=\"0\" data-column=\"1\" data-column2=\"1\" data-column3=\"1\">\r\n        <div class=\"owl-carousel owl-theme\"><div class=\"item-wrap\"><img decoding=\"async\" data-src=\"https:\/\/hanmet.ee\/wp-content\/uploads\/2024\/03\/Toostuslik-margvarvimine_570x660-2.png\" alt=\"Image\" src=\"data:image\/svg+xml;base64,PHN2ZyB3aWR0aD0iMSIgaGVpZ2h0PSIxIiB4bWxucz0iaHR0cDovL3d3dy53My5vcmcvMjAwMC9zdmciPjwvc3ZnPg==\" class=\"lazyload\" style=\"--smush-placeholder-width: 570px; --smush-placeholder-aspect-ratio: 570\/660;\"><\/div><\/div><\/div>[\/vc_column_inner][\/vc_row_inner]\r\n\t<div class=\"bauer-spacer clearfix\" data-desktop=\"200\" data-mobi=\"120\" data-smobi=\"120\"><\/div>[\/vc_column][\/vc_row]<\/p>\n<\/div>","protected":false},"excerpt":{"rendered":"<p>[vc_row css=&#8221;.vc_custom_1711008223548{background-position: center !important;background-repeat: no-repeat !important;background-size: cover !important;}&#8221; el_id=&#8221;koneenrakennus&#8221;][vc_column][vc_row_inner][vc_column_inner width=&#8221;1\/2&#8243;][\/vc_column_inner][vc_column_inner width=&#8221;1\/2&#8243;][\/vc_column_inner][\/vc_row_inner][\/vc_column][\/vc_row][vc_row css=&#8221;.vc_custom_1711008229184{background-position: center !important;background-repeat: no-repeat !important;background-size: cover !important;}&#8221; el_id=&#8221;teollisuuslaitteiden-huolto-ja-asennus&#8221;][vc_column][vc_row_inner][vc_column_inner width=&#8221;1\/2&#8243;][\/vc_column_inner][vc_column_inner width=&#8221;1\/2&#8243;][\/vc_column_inner][\/vc_row_inner][\/vc_column][\/vc_row][vc_row css=&#8221;.vc_custom_1711008235052{background-position: center !important;background-repeat: no-repeat !important;background-size: cover !important;}&#8221; el_id=&#8221;teollinen-m\u00e4rk\u00e4maalaus&#8221;][vc_column][vc_row_inner][vc_column_inner width=&#8221;1\/2&#8243;][\/vc_column_inner][vc_column_inner width=&#8221;1\/2&#8243;][\/vc_column_inner][\/vc_row_inner][\/vc_column][\/vc_row]<\/p>\n","protected":false},"author":2,"featured_media":0,"parent":0,"menu_order":0,"comment_status":"closed","ping_status":"closed","template":"","meta":{"ngg_post_thumbnail":0,"footnotes":""},"class_list":["post-10484","page","type-page","status-publish","hentry"],"yoast_head":"<!-- This site is optimized with the Yoast SEO plugin v27.0 - https:\/\/yoast.com\/product\/yoast-seo-wordpress\/ -->\n<title>Palvelut - Hanmet<\/title>\n<meta name=\"robots\" content=\"index, follow, max-snippet:-1, max-image-preview:large, max-video-preview:-1\" \/>\n<link rel=\"canonical\" href=\"https:\/\/www.hanmet.ee\/fi\/palvelut\/\" \/>\n<meta property=\"og:locale\" content=\"fi_FI\" \/>\n<meta property=\"og:type\" content=\"article\" \/>\n<meta property=\"og:title\" content=\"Palvelut - Hanmet\" \/>\n<meta property=\"og:description\" content=\"[vc_row css=&#8221;.vc_custom_1711008223548{background-position: center !important;background-repeat: no-repeat !important;background-size: cover !important;}&#8221; el_id=&#8221;koneenrakennus&#8221;][vc_column][vc_row_inner][vc_column_inner width=&#8221;1\/2&#8243;][\/vc_column_inner][vc_column_inner width=&#8221;1\/2&#8243;][\/vc_column_inner][\/vc_row_inner][\/vc_column][\/vc_row][vc_row css=&#8221;.vc_custom_1711008229184{background-position: center !important;background-repeat: no-repeat !important;background-size: cover !important;}&#8221; el_id=&#8221;teollisuuslaitteiden-huolto-ja-asennus&#8221;][vc_column][vc_row_inner][vc_column_inner width=&#8221;1\/2&#8243;][\/vc_column_inner][vc_column_inner width=&#8221;1\/2&#8243;][\/vc_column_inner][\/vc_row_inner][\/vc_column][\/vc_row][vc_row css=&#8221;.vc_custom_1711008235052{background-position: center !important;background-repeat: no-repeat !important;background-size: cover !important;}&#8221; el_id=&#8221;teollinen-m\u00e4rk\u00e4maalaus&#8221;][vc_column][vc_row_inner][vc_column_inner width=&#8221;1\/2&#8243;][\/vc_column_inner][vc_column_inner width=&#8221;1\/2&#8243;][\/vc_column_inner][\/vc_row_inner][\/vc_column][\/vc_row]\" \/>\n<meta property=\"og:url\" content=\"https:\/\/www.hanmet.ee\/fi\/palvelut\/\" \/>\n<meta property=\"og:site_name\" content=\"Hanmet\" \/>\n<meta property=\"article:modified_time\" content=\"2024-04-02T06:23:04+00:00\" \/>\n<meta name=\"twitter:card\" content=\"summary_large_image\" \/>\n<meta name=\"twitter:label1\" content=\"Arvioitu lukuaika\" \/>\n\t<meta name=\"twitter:data1\" content=\"2 minuuttia\" \/>\n<script type=\"application\/ld+json\" class=\"yoast-schema-graph\">{\"@context\":\"https:\/\/schema.org\",\"@graph\":[{\"@type\":\"WebPage\",\"@id\":\"https:\/\/www.hanmet.ee\/fi\/palvelut\/\",\"url\":\"https:\/\/www.hanmet.ee\/fi\/palvelut\/\",\"name\":\"Palvelut - Hanmet\",\"isPartOf\":{\"@id\":\"https:\/\/hanmet.ee\/#website\"},\"datePublished\":\"2017-10-16T13:06:09+00:00\",\"dateModified\":\"2024-04-02T06:23:04+00:00\",\"breadcrumb\":{\"@id\":\"https:\/\/www.hanmet.ee\/fi\/palvelut\/#breadcrumb\"},\"inLanguage\":\"fi\",\"potentialAction\":[{\"@type\":\"ReadAction\",\"target\":[\"https:\/\/www.hanmet.ee\/fi\/palvelut\/\"]}]},{\"@type\":\"BreadcrumbList\",\"@id\":\"https:\/\/www.hanmet.ee\/fi\/palvelut\/#breadcrumb\",\"itemListElement\":[{\"@type\":\"ListItem\",\"position\":1,\"name\":\"Home\",\"item\":\"https:\/\/www.hanmet.ee\/fi\/\"},{\"@type\":\"ListItem\",\"position\":2,\"name\":\"Palvelut\"}]},{\"@type\":\"WebSite\",\"@id\":\"https:\/\/hanmet.ee\/#website\",\"url\":\"https:\/\/hanmet.ee\/\",\"name\":\"Hanmet\",\"description\":\"\",\"publisher\":{\"@id\":\"https:\/\/hanmet.ee\/#organization\"},\"potentialAction\":[{\"@type\":\"SearchAction\",\"target\":{\"@type\":\"EntryPoint\",\"urlTemplate\":\"https:\/\/hanmet.ee\/?s={search_term_string}\"},\"query-input\":{\"@type\":\"PropertyValueSpecification\",\"valueRequired\":true,\"valueName\":\"search_term_string\"}}],\"inLanguage\":\"fi\"},{\"@type\":\"Organization\",\"@id\":\"https:\/\/hanmet.ee\/#organization\",\"name\":\"Hanmet\",\"url\":\"https:\/\/hanmet.ee\/\",\"logo\":{\"@type\":\"ImageObject\",\"inLanguage\":\"fi\",\"@id\":\"https:\/\/hanmet.ee\/#\/schema\/logo\/image\/\",\"url\":\"\",\"contentUrl\":\"\",\"caption\":\"Hanmet\"},\"image\":{\"@id\":\"https:\/\/hanmet.ee\/#\/schema\/logo\/image\/\"}}]}<\/script>\n<!-- \/ Yoast SEO plugin. -->","yoast_head_json":{"title":"Palvelut - Hanmet","robots":{"index":"index","follow":"follow","max-snippet":"max-snippet:-1","max-image-preview":"max-image-preview:large","max-video-preview":"max-video-preview:-1"},"canonical":"https:\/\/www.hanmet.ee\/fi\/palvelut\/","og_locale":"fi_FI","og_type":"article","og_title":"Palvelut - Hanmet","og_description":"[vc_row css=&#8221;.vc_custom_1711008223548{background-position: center !important;background-repeat: no-repeat !important;background-size: cover !important;}&#8221; el_id=&#8221;koneenrakennus&#8221;][vc_column][vc_row_inner][vc_column_inner width=&#8221;1\/2&#8243;][\/vc_column_inner][vc_column_inner width=&#8221;1\/2&#8243;][\/vc_column_inner][\/vc_row_inner][\/vc_column][\/vc_row][vc_row css=&#8221;.vc_custom_1711008229184{background-position: center !important;background-repeat: no-repeat !important;background-size: cover !important;}&#8221; el_id=&#8221;teollisuuslaitteiden-huolto-ja-asennus&#8221;][vc_column][vc_row_inner][vc_column_inner width=&#8221;1\/2&#8243;][\/vc_column_inner][vc_column_inner width=&#8221;1\/2&#8243;][\/vc_column_inner][\/vc_row_inner][\/vc_column][\/vc_row][vc_row css=&#8221;.vc_custom_1711008235052{background-position: center !important;background-repeat: no-repeat !important;background-size: cover !important;}&#8221; el_id=&#8221;teollinen-m\u00e4rk\u00e4maalaus&#8221;][vc_column][vc_row_inner][vc_column_inner width=&#8221;1\/2&#8243;][\/vc_column_inner][vc_column_inner width=&#8221;1\/2&#8243;][\/vc_column_inner][\/vc_row_inner][\/vc_column][\/vc_row]","og_url":"https:\/\/www.hanmet.ee\/fi\/palvelut\/","og_site_name":"Hanmet","article_modified_time":"2024-04-02T06:23:04+00:00","twitter_card":"summary_large_image","twitter_misc":{"Arvioitu lukuaika":"2 minuuttia"},"schema":{"@context":"https:\/\/schema.org","@graph":[{"@type":"WebPage","@id":"https:\/\/www.hanmet.ee\/fi\/palvelut\/","url":"https:\/\/www.hanmet.ee\/fi\/palvelut\/","name":"Palvelut - Hanmet","isPartOf":{"@id":"https:\/\/hanmet.ee\/#website"},"datePublished":"2017-10-16T13:06:09+00:00","dateModified":"2024-04-02T06:23:04+00:00","breadcrumb":{"@id":"https:\/\/www.hanmet.ee\/fi\/palvelut\/#breadcrumb"},"inLanguage":"fi","potentialAction":[{"@type":"ReadAction","target":["https:\/\/www.hanmet.ee\/fi\/palvelut\/"]}]},{"@type":"BreadcrumbList","@id":"https:\/\/www.hanmet.ee\/fi\/palvelut\/#breadcrumb","itemListElement":[{"@type":"ListItem","position":1,"name":"Home","item":"https:\/\/www.hanmet.ee\/fi\/"},{"@type":"ListItem","position":2,"name":"Palvelut"}]},{"@type":"WebSite","@id":"https:\/\/hanmet.ee\/#website","url":"https:\/\/hanmet.ee\/","name":"Hanmet","description":"","publisher":{"@id":"https:\/\/hanmet.ee\/#organization"},"potentialAction":[{"@type":"SearchAction","target":{"@type":"EntryPoint","urlTemplate":"https:\/\/hanmet.ee\/?s={search_term_string}"},"query-input":{"@type":"PropertyValueSpecification","valueRequired":true,"valueName":"search_term_string"}}],"inLanguage":"fi"},{"@type":"Organization","@id":"https:\/\/hanmet.ee\/#organization","name":"Hanmet","url":"https:\/\/hanmet.ee\/","logo":{"@type":"ImageObject","inLanguage":"fi","@id":"https:\/\/hanmet.ee\/#\/schema\/logo\/image\/","url":"","contentUrl":"","caption":"Hanmet"},"image":{"@id":"https:\/\/hanmet.ee\/#\/schema\/logo\/image\/"}}]}},"_links":{"self":[{"href":"https:\/\/www.hanmet.ee\/fi\/wp-json\/wp\/v2\/pages\/10484","targetHints":{"allow":["GET"]}}],"collection":[{"href":"https:\/\/www.hanmet.ee\/fi\/wp-json\/wp\/v2\/pages"}],"about":[{"href":"https:\/\/www.hanmet.ee\/fi\/wp-json\/wp\/v2\/types\/page"}],"author":[{"embeddable":true,"href":"https:\/\/www.hanmet.ee\/fi\/wp-json\/wp\/v2\/users\/2"}],"replies":[{"embeddable":true,"href":"https:\/\/www.hanmet.ee\/fi\/wp-json\/wp\/v2\/comments?post=10484"}],"version-history":[{"count":3,"href":"https:\/\/www.hanmet.ee\/fi\/wp-json\/wp\/v2\/pages\/10484\/revisions"}],"predecessor-version":[{"id":10533,"href":"https:\/\/www.hanmet.ee\/fi\/wp-json\/wp\/v2\/pages\/10484\/revisions\/10533"}],"wp:attachment":[{"href":"https:\/\/www.hanmet.ee\/fi\/wp-json\/wp\/v2\/media?parent=10484"}],"curies":[{"name":"wp","href":"https:\/\/api.w.org\/{rel}","templated":true}]}}