{"id":10459,"date":"2017-12-07T02:25:11","date_gmt":"2017-12-07T02:25:11","guid":{"rendered":"https:\/\/hanmet.ee\/tekemiamme-toita\/"},"modified":"2024-04-02T06:24:02","modified_gmt":"2024-04-02T06:24:02","slug":"tekemiamme-toita","status":"publish","type":"page","link":"https:\/\/www.hanmet.ee\/fi\/tekemiamme-toita\/","title":{"rendered":"Tekemi\u00e4mme t\u00f6it\u00e4"},"content":{"rendered":"<div class=\"wpb-content-wrapper\"><p>[vc_row fullwidth=&#8221;yes&#8221; css=&#8221;.vc_custom_1706608039540{background-position: center !important;background-repeat: no-repeat !important;background-size: cover !important;}&#8221; el_id=&#8221;kuvat&#8221;][vc_column]\r\n\t<div class=\"bauer-spacer clearfix\" data-desktop=\"94\" data-mobi=\"60\" data-smobi=\"60\"><\/div><div class=\"bauer-content-box clearfix \" data-padding=\"0px 15px 0px 15px\" data-mobipadding=\"0px 15px 0px 15px\" data-margin=\"\" data-mobimargin=\"\" >\r\n\t\t<div class=\"inner ctb-1939027582\" style=\"\"  data-background=\"\">\r\n\t\t\t<div class=\"bauer-text clearfix text-center\" style=\"font-size:18px;line-height:30px;color:#414042;max-width:730px;margin-left: auto; margin-right: auto;\"><p class=\"p1\">T\u00e4\u00e4lt\u00e4 l\u00f6yd\u00e4t katsauksen viimeisimmist\u00e4 projekteistamme.<\/p>\n<\/div>\r\n\t\t<\/div>\r\n\t<\/div>\r\n\t<div class=\"bauer-spacer clearfix\" data-desktop=\"70\" data-mobi=\"40\" data-smobi=\"40\"><\/div>[\/vc_column][\/vc_row][vc_row css=&#8221;.vc_custom_1711974642350{margin-bottom: 50px !important;}&#8221;][vc_column][vc_masonry_media_grid style=&#8221;lazy&#8221; element_width=&#8221;3&#8243; grid_id=&#8221;vc_gid:1711974724434-f1ad8b10-13bf-3&#8243; include=&#8221;9271,9318,9298,9302,9293,9330,9322,9321,9320,9319,9312,9308,9307,9306,9274,9310,9287,9303,9301,9300,9297,9294,9290,9288,9286,9277,9276,9272,9284,9282,9269,9280,9281,9279,9278,9267&#8243;][\/vc_column][\/vc_row]<\/p>\n<\/div>","protected":false},"excerpt":{"rendered":"<p>[vc_row fullwidth=&#8221;yes&#8221; css=&#8221;.vc_custom_1706608039540{background-position: center !important;background-repeat: no-repeat !important;background-size: cover !important;}&#8221; el_id=&#8221;kuvat&#8221;][vc_column][\/vc_column][\/vc_row][vc_row css=&#8221;.vc_custom_1711974642350{margin-bottom: 50px !important;}&#8221;][vc_column][vc_masonry_media_grid style=&#8221;lazy&#8221; element_width=&#8221;3&#8243; grid_id=&#8221;vc_gid:1711974724434-f1ad8b10-13bf-3&#8243; include=&#8221;9271,9318,9298,9302,9293,9330,9322,9321,9320,9319,9312,9308,9307,9306,9274,9310,9287,9303,9301,9300,9297,9294,9290,9288,9286,9277,9276,9272,9284,9282,9269,9280,9281,9279,9278,9267&#8243;][\/vc_column][\/vc_row]<\/p>\n","protected":false},"author":2,"featured_media":0,"parent":0,"menu_order":0,"comment_status":"closed","ping_status":"closed","template":"","meta":{"ngg_post_thumbnail":0,"footnotes":""},"class_list":["post-10459","page","type-page","status-publish","hentry"],"yoast_head":"<!-- This site is optimized with the Yoast SEO plugin v27.0 - https:\/\/yoast.com\/product\/yoast-seo-wordpress\/ -->\n<title>Tekemi\u00e4mme t\u00f6it\u00e4 - Hanmet<\/title>\n<meta name=\"robots\" content=\"index, follow, max-snippet:-1, max-image-preview:large, max-video-preview:-1\" \/>\n<link rel=\"canonical\" href=\"https:\/\/hanmet.ee\/fi\/tekemiamme-toita\/\" \/>\n<meta property=\"og:locale\" content=\"fi_FI\" \/>\n<meta property=\"og:type\" content=\"article\" \/>\n<meta property=\"og:title\" content=\"Tekemi\u00e4mme t\u00f6it\u00e4 - Hanmet\" \/>\n<meta property=\"og:description\" content=\"[vc_row fullwidth=&#8221;yes&#8221; css=&#8221;.vc_custom_1706608039540{background-position: center !important;background-repeat: no-repeat !important;background-size: cover !important;}&#8221; el_id=&#8221;kuvat&#8221;][vc_column][\/vc_column][\/vc_row][vc_row css=&#8221;.vc_custom_1711974642350{margin-bottom: 50px !important;}&#8221;][vc_column][vc_masonry_media_grid style=&#8221;lazy&#8221; element_width=&#8221;3&#8243; grid_id=&#8221;vc_gid:1711974724434-f1ad8b10-13bf-3&#8243; include=&#8221;9271,9318,9298,9302,9293,9330,9322,9321,9320,9319,9312,9308,9307,9306,9274,9310,9287,9303,9301,9300,9297,9294,9290,9288,9286,9277,9276,9272,9284,9282,9269,9280,9281,9279,9278,9267&#8243;][\/vc_column][\/vc_row]\" \/>\n<meta property=\"og:url\" content=\"https:\/\/hanmet.ee\/fi\/tekemiamme-toita\/\" \/>\n<meta property=\"og:site_name\" content=\"Hanmet\" \/>\n<meta property=\"article:modified_time\" content=\"2024-04-02T06:24:02+00:00\" \/>\n<meta name=\"twitter:card\" content=\"summary_large_image\" \/>\n<meta name=\"twitter:label1\" content=\"Arvioitu lukuaika\" \/>\n\t<meta name=\"twitter:data1\" content=\"8 minuuttia\" \/>\n<script type=\"application\/ld+json\" class=\"yoast-schema-graph\">{\"@context\":\"https:\/\/schema.org\",\"@graph\":[{\"@type\":\"WebPage\",\"@id\":\"https:\/\/hanmet.ee\/fi\/tekemiamme-toita\/\",\"url\":\"https:\/\/hanmet.ee\/fi\/tekemiamme-toita\/\",\"name\":\"Tekemi\u00e4mme t\u00f6it\u00e4 - Hanmet\",\"isPartOf\":{\"@id\":\"https:\/\/hanmet.ee\/#website\"},\"datePublished\":\"2017-12-07T02:25:11+00:00\",\"dateModified\":\"2024-04-02T06:24:02+00:00\",\"breadcrumb\":{\"@id\":\"https:\/\/hanmet.ee\/fi\/tekemiamme-toita\/#breadcrumb\"},\"inLanguage\":\"fi\",\"potentialAction\":[{\"@type\":\"ReadAction\",\"target\":[\"https:\/\/hanmet.ee\/fi\/tekemiamme-toita\/\"]}]},{\"@type\":\"BreadcrumbList\",\"@id\":\"https:\/\/hanmet.ee\/fi\/tekemiamme-toita\/#breadcrumb\",\"itemListElement\":[{\"@type\":\"ListItem\",\"position\":1,\"name\":\"Home\",\"item\":\"https:\/\/www.hanmet.ee\/fi\/\"},{\"@type\":\"ListItem\",\"position\":2,\"name\":\"Tekemi\u00e4mme t\u00f6it\u00e4\"}]},{\"@type\":\"WebSite\",\"@id\":\"https:\/\/hanmet.ee\/#website\",\"url\":\"https:\/\/hanmet.ee\/\",\"name\":\"Hanmet\",\"description\":\"\",\"publisher\":{\"@id\":\"https:\/\/hanmet.ee\/#organization\"},\"potentialAction\":[{\"@type\":\"SearchAction\",\"target\":{\"@type\":\"EntryPoint\",\"urlTemplate\":\"https:\/\/hanmet.ee\/?s={search_term_string}\"},\"query-input\":{\"@type\":\"PropertyValueSpecification\",\"valueRequired\":true,\"valueName\":\"search_term_string\"}}],\"inLanguage\":\"fi\"},{\"@type\":\"Organization\",\"@id\":\"https:\/\/hanmet.ee\/#organization\",\"name\":\"Hanmet\",\"url\":\"https:\/\/hanmet.ee\/\",\"logo\":{\"@type\":\"ImageObject\",\"inLanguage\":\"fi\",\"@id\":\"https:\/\/hanmet.ee\/#\/schema\/logo\/image\/\",\"url\":\"\",\"contentUrl\":\"\",\"caption\":\"Hanmet\"},\"image\":{\"@id\":\"https:\/\/hanmet.ee\/#\/schema\/logo\/image\/\"}}]}<\/script>\n<!-- \/ Yoast SEO plugin. -->","yoast_head_json":{"title":"Tekemi\u00e4mme t\u00f6it\u00e4 - Hanmet","robots":{"index":"index","follow":"follow","max-snippet":"max-snippet:-1","max-image-preview":"max-image-preview:large","max-video-preview":"max-video-preview:-1"},"canonical":"https:\/\/hanmet.ee\/fi\/tekemiamme-toita\/","og_locale":"fi_FI","og_type":"article","og_title":"Tekemi\u00e4mme t\u00f6it\u00e4 - Hanmet","og_description":"[vc_row fullwidth=&#8221;yes&#8221; css=&#8221;.vc_custom_1706608039540{background-position: center !important;background-repeat: no-repeat !important;background-size: cover !important;}&#8221; el_id=&#8221;kuvat&#8221;][vc_column][\/vc_column][\/vc_row][vc_row css=&#8221;.vc_custom_1711974642350{margin-bottom: 50px !important;}&#8221;][vc_column][vc_masonry_media_grid style=&#8221;lazy&#8221; element_width=&#8221;3&#8243; grid_id=&#8221;vc_gid:1711974724434-f1ad8b10-13bf-3&#8243; include=&#8221;9271,9318,9298,9302,9293,9330,9322,9321,9320,9319,9312,9308,9307,9306,9274,9310,9287,9303,9301,9300,9297,9294,9290,9288,9286,9277,9276,9272,9284,9282,9269,9280,9281,9279,9278,9267&#8243;][\/vc_column][\/vc_row]","og_url":"https:\/\/hanmet.ee\/fi\/tekemiamme-toita\/","og_site_name":"Hanmet","article_modified_time":"2024-04-02T06:24:02+00:00","twitter_card":"summary_large_image","twitter_misc":{"Arvioitu lukuaika":"8 minuuttia"},"schema":{"@context":"https:\/\/schema.org","@graph":[{"@type":"WebPage","@id":"https:\/\/hanmet.ee\/fi\/tekemiamme-toita\/","url":"https:\/\/hanmet.ee\/fi\/tekemiamme-toita\/","name":"Tekemi\u00e4mme t\u00f6it\u00e4 - Hanmet","isPartOf":{"@id":"https:\/\/hanmet.ee\/#website"},"datePublished":"2017-12-07T02:25:11+00:00","dateModified":"2024-04-02T06:24:02+00:00","breadcrumb":{"@id":"https:\/\/hanmet.ee\/fi\/tekemiamme-toita\/#breadcrumb"},"inLanguage":"fi","potentialAction":[{"@type":"ReadAction","target":["https:\/\/hanmet.ee\/fi\/tekemiamme-toita\/"]}]},{"@type":"BreadcrumbList","@id":"https:\/\/hanmet.ee\/fi\/tekemiamme-toita\/#breadcrumb","itemListElement":[{"@type":"ListItem","position":1,"name":"Home","item":"https:\/\/www.hanmet.ee\/fi\/"},{"@type":"ListItem","position":2,"name":"Tekemi\u00e4mme t\u00f6it\u00e4"}]},{"@type":"WebSite","@id":"https:\/\/hanmet.ee\/#website","url":"https:\/\/hanmet.ee\/","name":"Hanmet","description":"","publisher":{"@id":"https:\/\/hanmet.ee\/#organization"},"potentialAction":[{"@type":"SearchAction","target":{"@type":"EntryPoint","urlTemplate":"https:\/\/hanmet.ee\/?s={search_term_string}"},"query-input":{"@type":"PropertyValueSpecification","valueRequired":true,"valueName":"search_term_string"}}],"inLanguage":"fi"},{"@type":"Organization","@id":"https:\/\/hanmet.ee\/#organization","name":"Hanmet","url":"https:\/\/hanmet.ee\/","logo":{"@type":"ImageObject","inLanguage":"fi","@id":"https:\/\/hanmet.ee\/#\/schema\/logo\/image\/","url":"","contentUrl":"","caption":"Hanmet"},"image":{"@id":"https:\/\/hanmet.ee\/#\/schema\/logo\/image\/"}}]}},"_links":{"self":[{"href":"https:\/\/www.hanmet.ee\/fi\/wp-json\/wp\/v2\/pages\/10459","targetHints":{"allow":["GET"]}}],"collection":[{"href":"https:\/\/www.hanmet.ee\/fi\/wp-json\/wp\/v2\/pages"}],"about":[{"href":"https:\/\/www.hanmet.ee\/fi\/wp-json\/wp\/v2\/types\/page"}],"author":[{"embeddable":true,"href":"https:\/\/www.hanmet.ee\/fi\/wp-json\/wp\/v2\/users\/2"}],"replies":[{"embeddable":true,"href":"https:\/\/www.hanmet.ee\/fi\/wp-json\/wp\/v2\/comments?post=10459"}],"version-history":[{"count":5,"href":"https:\/\/www.hanmet.ee\/fi\/wp-json\/wp\/v2\/pages\/10459\/revisions"}],"predecessor-version":[{"id":10524,"href":"https:\/\/www.hanmet.ee\/fi\/wp-json\/wp\/v2\/pages\/10459\/revisions\/10524"}],"wp:attachment":[{"href":"https:\/\/www.hanmet.ee\/fi\/wp-json\/wp\/v2\/media?parent=10459"}],"curies":[{"name":"wp","href":"https:\/\/api.w.org\/{rel}","templated":true}]}}